{"id":154,"date":"2015-07-16T09:12:44","date_gmt":"2015-07-16T09:12:44","guid":{"rendered":"http:\/\/test.kriesi.at\/minimal-portfolio\/?page_id=154"},"modified":"2023-09-07T10:41:54","modified_gmt":"2023-09-07T10:41:54","slug":"about","status":"publish","type":"page","link":"http:\/\/josephinekaiser.com\/?page_id=154","title":{"rendered":"About"},"content":{"rendered":"<div class=\"flex_column av_two_fifth  flex_column_div av-zero-column-padding first  avia-builder-el-0  el_before_av_one_fifth  avia-builder-el-first  \" style='border-radius:0px; '><div  class='avia-image-container  av-styling-    avia-builder-el-1  avia-builder-el-no-sibling  avia-align-center '  itemprop=\"image\" itemscope=\"itemscope\" itemtype=\"https:\/\/schema.org\/ImageObject\"  ><div class='avia-image-container-inner'><div class='avia-image-overlay-wrap'><img decoding=\"async\" class='wp-image-783 avia-img-lazy-loading-not-783 avia_image' src=\"http:\/\/josephinekaiser.com\/wp-content\/uploads\/2020\/11\/JosephineKaiser_SkulpturenWand-600x552.png\" alt='' title='JosephineKaiser_SkulpturenWand' height=\"552\" width=\"600\"  itemprop=\"thumbnailUrl\" srcset=\"http:\/\/josephinekaiser.com\/wp-content\/uploads\/2020\/11\/JosephineKaiser_SkulpturenWand-600x552.png 600w, http:\/\/josephinekaiser.com\/wp-content\/uploads\/2020\/11\/JosephineKaiser_SkulpturenWand-1030x948.png 1030w, http:\/\/josephinekaiser.com\/wp-content\/uploads\/2020\/11\/JosephineKaiser_SkulpturenWand-768x706.png 768w, http:\/\/josephinekaiser.com\/wp-content\/uploads\/2020\/11\/JosephineKaiser_SkulpturenWand-1536x1413.png 1536w, http:\/\/josephinekaiser.com\/wp-content\/uploads\/2020\/11\/JosephineKaiser_SkulpturenWand-1500x1380.png 1500w, http:\/\/josephinekaiser.com\/wp-content\/uploads\/2020\/11\/JosephineKaiser_SkulpturenWand-705x649.png 705w, http:\/\/josephinekaiser.com\/wp-content\/uploads\/2020\/11\/JosephineKaiser_SkulpturenWand.png 1648w\" sizes=\"(max-width: 600px) 100vw, 600px\" \/><\/div><\/div><\/div><\/div>\n<div class=\"flex_column av_one_fifth  flex_column_div av-zero-column-padding   avia-builder-el-2  el_after_av_two_fifth  el_before_av_one_third  \" style='border-radius:0px; '><\/div>\n<div class=\"flex_column av_one_third  flex_column_div av-zero-column-padding   avia-builder-el-3  el_after_av_one_fifth  el_before_av_one_half  \" style='border-radius:0px; '><p><section class=\"av_textblock_section \"  itemscope=\"itemscope\" itemtype=\"https:\/\/schema.org\/CreativeWork\" ><div class='avia_textblock  '   itemprop=\"text\" ><p><a href=\"http:\/\/josephinekaiser.com\/?page_id=695\">Josephine Kaiser<\/a><\/p>\n<\/div><\/section><br \/>\n<section class=\"av_textblock_section \"  itemscope=\"itemscope\" itemtype=\"https:\/\/schema.org\/CreativeWork\" ><div class='avia_textblock  '   itemprop=\"text\" ><p><span style=\"color: #34444d;\">Die 1974 in Berlin geborene Josephine Kaiser absolvierte 1995 die Designschule M\u00fcnchen und arbeitet und lebt seit 2000 als K\u00fcnstlerin und freiberufliche Designerin in M\u00fcnchen.<\/span><\/p>\n<\/div><\/section><br \/>\n<section class=\"av_textblock_section \"  itemscope=\"itemscope\" itemtype=\"https:\/\/schema.org\/CreativeWork\" ><div class='avia_textblock  '   itemprop=\"text\" ><p><span style=\"color: #34444d;\">Ausgew\u00e4hlte Ausstellungen:<\/span><\/p>\n<p><span style=\"color: #34444d;\">2020 \u201escupltureNOW&#8221; Fraunberg Ateliers<\/span><\/p>\n<p><span style=\"color: #34444d;\">2020 \u201eBubbel Troubel\u201c- \u00dcberackerh\u00e4usl- M\u00fcnchen<\/span><\/p>\n<p><span style=\"color: #34444d;\">2020 Discovery Artfair- K\u00f6ln<\/span><\/p>\n<p><span style=\"color: #34444d;\">2019 Coraz\u00f3n, pulso y resonancia\u201c, Galeria Dieciocho, Playa del Carmen &#8211; Mexiko<\/span><\/p>\n<p><span style=\"color: #34444d;\">2019 \u201eSummersplash\u201c Galerie Schemm \u201esummersplash\u201c- M\u00fcnster<\/span><\/p>\n<p><span style=\"color: #34444d;\">2019 Galer\u00eda del Encuentro, Cozumel &#8211; Mexiko<\/span><\/p>\n<p><span style=\"color: #34444d;\">2019 Discovery Artfair , Frankfurt<\/span><\/p>\n<p><span style=\"color: #34444d;\">2018 \u201emira cu\u00e1ntas somos\u201c Galeria Dieciocho, Playa del Carmen &#8211; Mexiko<\/span><\/p>\n<p><span style=\"color: #34444d;\">2018 Munich POP ART #4, M\u00fcnchen 2018 HO-Galerie, Magdeburg<\/span><\/p>\n<p><span style=\"color: #34444d;\">2017 Galerie Dr. Christl Wagner XX_POSITIONS_3, Frankfurt<\/span><\/p>\n<p><span style=\"color: #34444d;\">2017 St\u00f8rpunkt \u201ehalf pound of art\u201c- Galerie, M\u00fcnchen<\/span><\/p>\n<\/div><\/section><\/p><\/div>\n<div class=\"flex_column av_one_half  flex_column_div av-zero-column-padding first  avia-builder-el-7  el_after_av_one_third  el_before_av_one_half  column-top-margin\" style='border-radius:0px; '><section class=\"av_textblock_section \"  itemscope=\"itemscope\" itemtype=\"https:\/\/schema.org\/CreativeWork\" ><div class='avia_textblock  '   itemprop=\"text\" ><div class=\"page\" style=\"text-align: left;\" title=\"Page 8\">\n<div class=\"section\">\n<div class=\"layoutArea\">\n<div class=\"column\">\n<div class=\"page\" title=\"Page 11\">\n<div class=\"section\">\n<div class=\"layoutArea\">\n<div class=\"column\">\n<p><span style=\"color: #34444d;\">&#8220;Von einem Strudel aus rauschendem T\u00fcll, wallendem Haar, klatschendem Latex und lauwarmem Leder mitgerissen landen wir auf deinem Seelenvorhof, wo Fr\u00e4ulein Josephine Kaiser gerade portraitiert.<\/span><\/p>\n<p><span style=\"color: #34444d;\">Wen oder was, das konntest du dir bis eben selbst nicht vorstellen.<\/span><\/p>\n<p><span style=\"color: #34444d;\">Jetzt waschen sich dir die Schuppen von den Augen, denn eine Flut von Assoziationen \u00fcberschwemmt dein Gehirn. Dein \u00dcber-Ich ist schlie\u00dflich total aufgeweicht angesichts von Diva Divine, Amy Winehouse, Catwoman und Pin- up Girls, die mit flunkernder Finesse unter den H\u00e4nden Josephine Kaisers provokant posieren.<\/span><\/p>\n<div class=\"page\" title=\"Page 12\">\n<div class=\"section\">\n<div class=\"layoutArea\">\n<div class=\"column\">\n<p><span style=\"color: #34444d;\">Du hast jede von ihnen irgendwo schon mal gesehen, diese minuti\u00f6s modellierten Gestalten im Halb- bis Hochrelief, die dich direkt ansehen und dir eure geheime Abmachung ins Ohr fl\u00fcstern:<\/span><\/p>\n<p><span style=\"color: #34444d;\">\u201eIch verrate dich nicht, denn ich\u00a0bin wie du.\u201c<\/span><\/p>\n<p><span style=\"color: #34444d;\">Die einzige Mitwisserin, Josephine Kaiser, holt Komplexe, Fantasien, Geschichten, Sex, Spiel, Liebe und Triebe aus dem Seelenlimbo auf ihren Operationstisch, wo sie wie eine Chirurgin so lange das Unterbewusstsein pr\u00e4zisiert, bis eine Plastik entstanden ist. Sie verarbeitet dabei in einer Art Intarsienarbeit Fimo, aus der ihre 15 bis 30 cm gro\u00dfen Reliefs entstehen.<\/span><\/p>\n<p><span style=\"color: #34444d;\">Nichts wird gemalt, alles soll diese haptische Qualit\u00e4t haben, die man in Dellen auf nackten Oberschenkeln, warmen W\u00fclsten, Falten\u00a0und in allen erdenklichen Hautfarben mit dem Auge ertasten kann.<\/span><\/p>\n<p><span style=\"color: #34444d;\">Die K\u00fcnstlerin hat seit 1995 bereits viele Figuren aus Fimo geboren und spezialisiert sich seit 2011 auch\u00a0auf \u201eKaiserschnitte\u201c. Diese Scherenschnitte zeigen ebenfalls laszive Gestalten der menschlichen Fantasie.<\/span><\/p>\n<p><span style=\"color: #34444d;\">Allen Portraitierten gemein ist ihre Herkunft, der Raum zwischen unserem Unterbewussten und gesellschaftlich anerkannter Moralit\u00e4t, zwischen \u201eEs\u201c und \u201eIch\u201c oder \u201e\u00dcber-Ich\u201c sozusagen.<\/span><\/p>\n<p><span style=\"color: #34444d;\">Josephine Kaiser feiert die Phantome und Symptome unserer Fantasie, statt diese wie Sigmund Freud als Quell allen \u00dcbels zu verdammen. Sie streckt dem chauvinistischen Psychoanalytiker die Zunge raus und zieht ihm die Hosen aus.<\/span><\/p>\n<div class=\"page\" title=\"Page 13\">\n<div class=\"section\">\n<div class=\"layoutArea\">\n<div class=\"column\">\n<p><span style=\"color: #34444d;\">Wachst du wieder auf, stehst du gerade auf einer Ausstellung rum, auf der Stroke Urban Art Fair oder im Harry Klein. Vielleicht nippst du auch in der Wiedefabrik an einem Prosecco oder schiebst dich in einer kleinen Galerie am\u00fcsiert verlegen von einem Pin-up Girl zum n\u00e4chsten und wei\u00dft nicht, ob du jetzt err\u00f6ten sollst, weil Kaisers Kunst so aggressiv mit dir flirtet oder ob du einen anerkennenden Satz zur perfekten Technik der Plastikerin und Scherenschneiderin sagen sollst.<\/span><\/p>\n<p><span style=\"color: #34444d;\">Weder noch wird von dir erwartet, du bist eingeladen zur Rollenschau und musst heute nicht spielen!<\/span><\/p>\n<p><span style=\"color: #34444d;\">Es sei denn du willst, denn es gibt keinen Grund f\u00fcr falsche Scham.&#8221;<\/span><\/div>\n<\/div>\n<div><\/div>\n<div>Text Daniela Stumpf<\/div>\n<div class=\"layoutArea\"><\/div>\n<\/div>\n<\/div>\n<\/div>\n<\/div>\n<\/div>\n<\/div>\n<\/div>\n<\/div>\n<\/div>\n<\/div>\n<\/div>\n<\/div>\n<\/div>\n<\/div>\n<\/div><\/section><\/div>\n<div class=\"flex_column av_one_half  flex_column_div av-zero-column-padding   avia-builder-el-9  el_after_av_one_half  avia-builder-el-last  column-top-margin\" style='border-radius:0px; '><div  class='avia-image-container  av-styling-    avia-builder-el-10  avia-builder-el-no-sibling  avia-align-center '  itemprop=\"image\" itemscope=\"itemscope\" itemtype=\"https:\/\/schema.org\/ImageObject\"  ><div class='avia-image-container-inner'><div class='avia-image-overlay-wrap'><img decoding=\"async\" class='wp-image-963 avia-img-lazy-loading-not-963 avia_image' src=\"http:\/\/josephinekaiser.com\/wp-content\/uploads\/2023\/09\/Sigmund-Freud-by-Kaiser-600x800.jpg\" alt='' title='Sigmund Freud by Kaiser' height=\"800\" width=\"600\"  itemprop=\"thumbnailUrl\" srcset=\"http:\/\/josephinekaiser.com\/wp-content\/uploads\/2023\/09\/Sigmund-Freud-by-Kaiser-600x800.jpg 600w, http:\/\/josephinekaiser.com\/wp-content\/uploads\/2023\/09\/Sigmund-Freud-by-Kaiser-773x1030.jpg 773w, http:\/\/josephinekaiser.com\/wp-content\/uploads\/2023\/09\/Sigmund-Freud-by-Kaiser-768x1024.jpg 768w, http:\/\/josephinekaiser.com\/wp-content\/uploads\/2023\/09\/Sigmund-Freud-by-Kaiser-1152x1536.jpg 1152w, http:\/\/josephinekaiser.com\/wp-content\/uploads\/2023\/09\/Sigmund-Freud-by-Kaiser-1125x1500.jpg 1125w, http:\/\/josephinekaiser.com\/wp-content\/uploads\/2023\/09\/Sigmund-Freud-by-Kaiser-529x705.jpg 529w, http:\/\/josephinekaiser.com\/wp-content\/uploads\/2023\/09\/Sigmund-Freud-by-Kaiser.jpg 1536w\" sizes=\"(max-width: 600px) 100vw, 600px\" \/><\/div><\/div><\/div><\/div>\n","protected":false},"excerpt":{"rendered":"","protected":false},"author":1,"featured_media":0,"parent":0,"menu_order":0,"comment_status":"open","ping_status":"open","template":"","meta":[],"_links":{"self":[{"href":"http:\/\/josephinekaiser.com\/index.php?rest_route=\/wp\/v2\/pages\/154"}],"collection":[{"href":"http:\/\/josephinekaiser.com\/index.php?rest_route=\/wp\/v2\/pages"}],"about":[{"href":"http:\/\/josephinekaiser.com\/index.php?rest_route=\/wp\/v2\/types\/page"}],"author":[{"embeddable":true,"href":"http:\/\/josephinekaiser.com\/index.php?rest_route=\/wp\/v2\/users\/1"}],"replies":[{"embeddable":true,"href":"http:\/\/josephinekaiser.com\/index.php?rest_route=%2Fwp%2Fv2%2Fcomments&post=154"}],"version-history":[{"count":35,"href":"http:\/\/josephinekaiser.com\/index.php?rest_route=\/wp\/v2\/pages\/154\/revisions"}],"predecessor-version":[{"id":964,"href":"http:\/\/josephinekaiser.com\/index.php?rest_route=\/wp\/v2\/pages\/154\/revisions\/964"}],"wp:attachment":[{"href":"http:\/\/josephinekaiser.com\/index.php?rest_route=%2Fwp%2Fv2%2Fmedia&parent=154"}],"curies":[{"name":"wp","href":"https:\/\/api.w.org\/{rel}","templated":true}]}}